{"id":12137,"date":"2016-09-04T15:09:21","date_gmt":"2016-09-04T12:09:21","guid":{"rendered":"http:\/\/rbe.ro\/en\/?page_id=12137"},"modified":"2020-05-17T19:21:37","modified_gmt":"2020-05-17T16:21:37","slug":"industrial-parks-business-incubators-romania","status":"publish","type":"page","link":"https:\/\/rbe.ro\/en\/industrial-parks-business-incubators-romania\/","title":{"rendered":"Industrial Parks and Business Incubators in Romania"},"content":{"rendered":"<p><strong>Industrial Parks and Business Incubators in Romania<\/strong><\/p>\n<table width=\"245\">\n<tbody>\n<tr>\n<td width=\"125\"><strong>Parcul Industrial Eurobusiness Parc Oradea II\u00a0<\/strong>(83,50 ha,Str. Ogorului, nr. 4, loc. Oradea, jud. Bihor, S.C. \u201eEurobusiness Parc Oradea\u201d S.A.)<\/p>\n<p>&nbsp;<\/td>\n<td width=\"114\"><strong>S. \u201eEurobusiness Parc Oradea\u201d S.A.<\/strong><\/p>\n<p>Strada\u00a0Prim\u0103riei nr.3, parter, municipiul Oradea, jud. BIHOR<\/td>\n<\/tr>\n<tr>\n<td width=\"125\"><strong>Parcul Industrial Turda 1\u00a0<\/strong>(29,3 ha, str Trascaului, loc. Turda, jud. Cluj, asocierea constituit\u0103 din: S.C. \u201eGB TRADE\u201d S.R.L., S.C. \u201eSIERRA EXPERT\u201d S.R.L., S.C. \u201eDELTA EXPERT\u201d S.R.L., S.C. \u201eGRAELLS &amp; LLONCH INVEST\u201d S.R.L.)<\/p>\n<p>&nbsp;<\/td>\n<td width=\"114\"><strong>S.Administrator Arie\u015f Parc Turda S.R.L.,\u00a0<\/strong><\/p>\n<p>Bucure\u015fti, Bld. Aviatorilor nr. 47, cam. 5, etaj 2, sector 1<\/td>\n<\/tr>\n<tr>\n<td width=\"125\"><strong>Parcul Industrial Turda 2\u00a0<\/strong>(20,5 ha, str. Trascaului, loc. Turda, jud. Cluj, asocierea constituit\u0103 din: S.C. \u201eGB TRADE\u201d S.R.L., S.C. \u201eSIERRA EXPERT\u201d S.R.L., S.C. \u201eDELTA EXPERT\u201d S.R.L., S.C. \u201eGRAELLS &amp; LLONCH INVEST\u201d S.R.L.)<\/p>\n<p>&nbsp;<\/td>\n<td width=\"114\"><strong>S.Administrator Arie\u015f Parc Turda S.R.L.,\u00a0<\/strong><\/p>\n<p>Bucure\u015fti, Bld. Aviatorilor nr. 47, cam. 5, etaj 2, sector 1<\/td>\n<\/tr>\n<tr>\n<td width=\"125\"><strong>Parcul Industrial\u00a0Bistri\u021ba Sud<\/strong>(30 ha, loc. Bistri\u021ba, jud. Bistri\u021ba-N\u0103s\u0103ud, mun. Bistrita)<\/p>\n<p>&nbsp;<\/td>\n<td width=\"114\"><strong>S.C. \u201eBusiness Park Bistri\u021ba Sud\u201d S.R.L.<\/strong><\/p>\n<p>Loc. Bistri\u0163a, Strada Nicolae Titulescu nr.6, Cod Po\u015ftal 420045, Jud. Bistri\u021ba &#8211; N\u0103s\u0103ud<\/p>\n<p>&nbsp;<\/td>\n<\/tr>\n<tr>\n<td width=\"125\"><strong>Parcul Industrial HIT Hemeiu\u0219\u00a0<\/strong>(10,85 ha, loc. Hemeiu\u0219, jud. Bac\u0103u, CJ Bacau)<\/p>\n<p><strong>\u00a0<\/strong><\/td>\n<td width=\"114\"><strong>S.C. \u201cParc Industrial HIT\u201d S.R.L.<\/strong><\/p>\n<p>Loc. Hemeiu\u0219, Strada G\u0103rii nr.100, Cod Po\u015ftal 607235, Jud. Bac\u0103u<\/td>\n<\/tr>\n<tr>\n<td width=\"125\"><strong>Parcul Industrial Tetarom 4\u00a0Cluj &#8211; Napoca\u00a0<\/strong>(85 ha, Comuna Feleacu, jud. Cluj, S.C. \u201eTetarom\u201d S.A.)<\/p>\n<p>&nbsp;<\/td>\n<td width=\"114\"><strong>S.C. \u201eTetarom\u201d S.A.<\/strong><\/p>\n<p>Loc. Cluj-Napoca, Strada T\u0103ietura Turcului nr.47, Cod Po\u015ftal 400221, Jud. Cluj<\/td>\n<\/tr>\n<tr>\n<td width=\"125\"><strong>Parcul industrial WDP Codlea\u00a0<\/strong>(13 ha, loc. Codlea, jud. Bra\u0219ov, S.C. \u201eWDP Development RO\u201d S.R.L.)<\/p>\n<p><strong>\u00a0<\/strong><\/td>\n<td width=\"114\"><strong>S.C. \u201eWDP Development RO\u201d S.R.L.<\/strong><\/p>\n<p>Loc. Bucure\u015fti, Strada Baia de Aram\u0103 nr.1, Imobil corp C3, etaj 1, Biroul nr. 5, sectorul 2, Cod Po\u015ftal 022204<\/p>\n<p>&nbsp;<\/td>\n<\/tr>\n<tr>\n<td width=\"125\"><strong>Parcul Industrial Allianso Development Park &#8211; Arice\u015ftii Rahtivani\u00a0<\/strong>(25,91 ha, loc. Arice\u015ftii Rahtivani, jud. Prahova, S.C. \u201eAllianso Development Charlotte Six\u201d S.R.L.)<\/p>\n<p>&nbsp;<\/td>\n<td width=\"114\"><strong>S.C. \u201eAllianso Development Charlotte Six\u201d S.R.L.<\/strong><\/p>\n<p>Loc. Arice\u015ftii Rahtivani, nr. 5, Depozit Logistic C1, str. Londra, Etaj 1,<\/p>\n<p>Jud. Prahova<\/p>\n<p>&nbsp;<\/td>\n<\/tr>\n<tr>\n<td width=\"125\"><strong>Parcul Industrial B\u0103lce\u015fti \u2013 V\u00e2lcea\u00a0<\/strong>(10,00 ha, ora\u015f B\u0103lce\u015fti, Aleea T\u00e2rgului nr 8 B, jud. V\u00e2lcea, CJ Valcea)<\/td>\n<td width=\"114\"><strong>Societatea Parc Ind V\u00e2lcea S.A.\u00a0<\/strong><\/p>\n<p>Str. Regina Maria nr. 13, etaj 2, Localitate R\u00e2mnicu V\u00e2lcea, jud. V\u00e2lcea<\/td>\n<\/tr>\n<tr>\n<td width=\"125\"><strong>Industrial Park Dr\u0103g\u0103\u015fani &#8211; V\u00e2lcea<\/strong>(16,3751 ha, loc. Dr\u0103g\u0103\u015fani, str. Brani\u015ftei nr.40, jud. V\u00e2lcea, CJ Valcea)<\/td>\n<td width=\"114\"><strong>Societatea Industrial Park V\u00e2lcea S.A.\u00a0<\/strong><\/p>\n<p>Str. Regina Maria nr. 13, etaj 2, Localitate R\u00e2mnicu V\u00e2lcea, jud. V\u00e2lcea<\/td>\n<\/tr>\n<tr>\n<td width=\"125\"><strong>Parcul Industrial Slatina<\/strong>\u00a0(31,25 ha, Str. Milcov nr. 12, Mun. Slatina, jud. Olt, Unitatea administrativ teritorial\u0103 mun. Slatina)<\/td>\n<td width=\"114\"><strong>Societatea Slatina Industrial Parc S.A<\/strong>.,<\/p>\n<p>&nbsp;<\/p>\n<p>Str. Pitesti , Nr. 19, Slatina, Jud. Olt<\/td>\n<\/tr>\n<tr>\n<td width=\"125\"><strong>Parcul Industrial Poieni\u00a0<\/strong>(5,5131 ha, Str. Principal\u0103, FN, comuna Poieni, jud. Cluj, S.C. Stonextract S.R.L.)<\/td>\n<td width=\"114\"><strong>S.C. Stonextract S.R.L.,\u00a0<\/strong>comuna Poieni, sat Poieni, judetul Cluj, strada Principala (e60), FN<\/td>\n<\/tr>\n<tr>\n<td width=\"125\"><strong>Parcul Industrial I.M.M.\u00a0<\/strong>(15 ha, \u015eos. Br\u0103ilei nr. 20, loc. Slobozia, jud. Ialomi\u0163a, UAT Mun. Slobozia)<\/td>\n<td width=\"114\"><strong>S.C. Platforma Industrial\u0103 IMM Slobozia SRL, Industrial Park\u00a0<\/strong>Bld. Cosminului nr. 2, bloc 17, camera 3, mun. Slobozia, jud. Ialomi\u0163a<\/td>\n<\/tr>\n<tr>\n<td width=\"125\"><strong>Industrial Park B\u0103rc\u0103ne\u015fti\u00a0<\/strong>(90,81 ha, sat Tatarani, comuna B\u0103rc\u0103ne\u015fti, jud. Prahova, CJ Prahova)<\/td>\n<td width=\"114\"><strong>Societatea Industrial Park B\u0103rc\u0103ne\u015fti S.A.,\u00a0<\/strong>Bld. Republicii nr. 2-4, cam. 624, mun. Ploie\u015fti, jud. Prahova<\/td>\n<\/tr>\n<tr>\n<td width=\"125\"><strong>Parcul Industrial Artemis S\u00e2nandrei (<\/strong>10,5 ha, comuna S\u00e2nandrei, jud. Timi\u015f, SC Artemis Real Estate SRL)<\/td>\n<td width=\"114\"><strong>Societatea Artemis Real Estate SRL,\u00a0<\/strong>Mun. Timisoara, Splaiul Nistrului, nr. 1, cam 7<\/td>\n<\/tr>\n<tr>\n<td width=\"125\"><strong>Parcul Industrial Schwaben Business Park Petre\u015fti\u00a0<\/strong><\/p>\n<p><strong>(<\/strong>11,8 ha, comuna Petre\u015fti, jude\u0163ul Satu Mare, Prim\u0103ria comunei Petre\u015fti, jud. Satu Mare)<\/td>\n<td width=\"114\"><strong>Societatea Schwaben Business Park Petre\u015fti S.R.L.,\u00a0<\/strong>strada Principal\u0103 nr. 1, sat Petre\u015fti, comuna Petre\u015fti, jud. Satu Mare<\/td>\n<\/tr>\n<tr>\n<td width=\"125\"><strong>Parcul Industrial C\u00e2mpia Turzii\u00a0<\/strong>(5,49 ha, mun. C\u00e2mpia Turzii, jud. Cluj, U.A.T. Municipiul C\u00e2mpia Turzii)<\/td>\n<td width=\"114\"><strong>Societatea Parc Industrial C\u00e2mpia Turzii S.A.,\u00a0<\/strong>strada Laminori\u015ftilor nr. 2-4, Mun. C\u00e2mpia Turzii, jud. Cluj<\/td>\n<\/tr>\n<tr>\n<td width=\"125\"><strong>Parcul Industrial High-Tech Industry Park Craiova (<\/strong>24,13 ha, mun. Craiova, jud Dolj, CJ Dolj si SC Parc Industrial Craiova SA)<\/td>\n<td width=\"114\"><strong>Societatea High-Tech Industry Park Craiova SA<\/strong>, Calea Bucuresti 325C, mun. Craiova, jud. Dolj, cod postal 200445<\/td>\n<\/tr>\n<tr>\n<td width=\"125\"><strong>Industrial Park Eurobusiness Parc Oradea III\u00a0<\/strong>(17,89 ha, mun. Oradea, jud. Bihor, SC Eurobusiness Parc Oradea SA)<\/td>\n<td width=\"114\"><strong>Societatea Eurobusiness Industrial Park \u00a0Oradea SA<\/strong>, Strada\u00a0Prim\u0103riei nr.3, parter, municipiul Oradea, jud. BIHOR<\/td>\n<\/tr>\n<tr>\n<td width=\"125\"><strong>Parcul Industrial Ocna Mure\u015f\u00a0<\/strong>(25,67 ha, ora\u015f Ocna Mure\u015f, jud. Alba, SC Ascom Interna\u0163ional SRL, sediul \u00een Bucure\u015fti, strada Sc\u0103r\u0163\u0103tescu nr. 22, sector 1 \u015fi SC Aloref SRL, jud. Alba, mun. Alba Iulia, \u015eoseaua de Centur\u0103 nr. 2)<\/td>\n<td width=\"114\"><strong>Societatea Industrial Park Ocna Mure\u015f SRL,\u00a0<\/strong>str. Mihai Eminescu nr. 1, ora\u015f Ocna Mure\u015f, jud. Alba<\/td>\n<\/tr>\n<tr>\n<td width=\"125\"><strong>Parcul Industrial Dibo (17,039 ha, sat Negoie\u015fti, comuna Brazi, jud. Prahova, persoane fizice Dirk Bogerd \u015fi Gabriela Nicoleta Matei)<\/strong><\/td>\n<td width=\"114\"><strong>Societatea Dibo S.A., str. Piatra Craiului, nr. 7, sat Negoie\u015fti, comuna Brazi, jude\u0163ul Prahova<\/strong><\/td>\n<\/tr>\n<tr>\n<td width=\"125\"><strong>Parcul Industrial Miroslava (46,44 ha, comuna Miroslava, jud. Ia\u015fi, UAT comuna Miroslava , Consiliul Local al comunei Miroslava \u015fi Bogdan Eugen Dr\u0103gan)<\/strong><\/td>\n<td width=\"114\"><strong>Societatea Miroslava Industrial Parc S.R.L., str. Constantin Langa nr. 93, parter, biroul 3 \u2013 Primaria comunei Miroslava, comuna Miroslava, jud. Ia\u015fi<\/strong><\/td>\n<\/tr>\n<tr>\n<td width=\"125\"><strong>Parcul Industrial C\u0103lan (46,16 ha, ora\u015f C\u0103lan, jude\u0163ul Hunedoara, Jude\u0163ul Hunedoara \u015fi U.A.T. ora\u015f C\u0103lan)<\/strong><\/td>\n<td width=\"114\"><strong>Societatea Industrial Park C\u0103lan S.R.L., str. 1 Decembrie nr. 40, camerele 1, 2, 3 parter, ora\u015f C\u0103lan, jude\u0163ul Hunedoara<\/strong><\/td>\n<\/tr>\n<\/tbody>\n<\/table>\n<p>&nbsp;<\/p>\n","protected":false},"excerpt":{"rendered":"<p>Industrial Parks and Business Incubators in Romania Parcul Industrial Eurobusiness Parc Oradea II\u00a0(83,50 ha,Str. Ogorului, nr. 4, loc. Oradea, jud. Bihor, S.C. \u201eEurobusiness Parc Oradea\u201d S.A.) &nbsp; S. \u201eEurobusiness Parc Oradea\u201d S.A. Strada\u00a0Prim\u0103riei nr.3, parter, municipiul Oradea, jud. BIHOR Parcul Industrial Turda 1\u00a0(29,3 ha, str Trascaului, loc. Turda, jud. Cluj, asocierea constituit\u0103 din: S.C. \u201eGB TRADE\u201d S.R.L., S.C. \u201eSIERRA EXPERT\u201d [&hellip;]<\/p>\n","protected":false},"author":836,"featured_media":12133,"parent":0,"menu_order":0,"comment_status":"closed","ping_status":"closed","template":"","meta":{"footnotes":""},"class_list":["post-12137","page","type-page","status-publish","has-post-thumbnail","hentry"],"yoast_head":"<!-- This site is optimized with the Yoast SEO plugin v27.3 - https:\/\/yoast.com\/product\/yoast-seo-wordpress\/ -->\n<title>Industrial Park and Business Incubators in Romania<\/title>\n<meta name=\"description\" content=\"List of Industrial Park and business incubators in Romania, fiscal incentives for green-field projects, business development and partners, industry\" \/>\n<meta name=\"robots\" content=\"index, follow, max-snippet:-1, max-image-preview:large, max-video-preview:-1\" \/>\n<link rel=\"canonical\" href=\"https:\/\/rbe.ro\/en\/industrial-parks-business-incubators-romania\/\" \/>\n<meta property=\"og:locale\" content=\"en_US\" \/>\n<meta property=\"og:type\" content=\"article\" \/>\n<meta property=\"og:title\" content=\"Industrial Park and Business Incubators in Romania\" \/>\n<meta property=\"og:description\" content=\"List of Industrial Park and business incubators in Romania, fiscal incentives for green-field projects, business development and partners, industry\" \/>\n<meta property=\"og:url\" content=\"https:\/\/rbe.ro\/en\/industrial-parks-business-incubators-romania\/\" \/>\n<meta property=\"og:site_name\" content=\"Bursa Romana de Afaceri - RBE Connect - Romanian Business Exchange\" \/>\n<meta property=\"article:publisher\" content=\"https:\/\/www.facebook.com\/pages\/Bursa-Romana-de-Afaceri\/182241851866418\" \/>\n<meta property=\"article:modified_time\" content=\"2020-05-17T16:21:37+00:00\" \/>\n<meta property=\"og:image\" content=\"https:\/\/rbe.ro\/wp-content\/uploads\/2016\/09\/parc-industrial-romania.jpg\" \/>\n\t<meta property=\"og:image:width\" content=\"800\" \/>\n\t<meta property=\"og:image:height\" content=\"473\" \/>\n\t<meta property=\"og:image:type\" content=\"image\/jpeg\" \/>\n<meta name=\"twitter:card\" content=\"summary_large_image\" \/>\n<meta name=\"twitter:site\" content=\"@bursaromanadeaf\" \/>\n<meta name=\"twitter:label1\" content=\"Est. reading time\" \/>\n\t<meta name=\"twitter:data1\" content=\"5 minutes\" \/>\n<script type=\"application\/ld+json\" class=\"yoast-schema-graph\">{\"@context\":\"https:\\\/\\\/schema.org\",\"@graph\":[{\"@type\":\"WebPage\",\"@id\":\"https:\\\/\\\/rbe.ro\\\/en\\\/industrial-parks-business-incubators-romania\\\/\",\"url\":\"https:\\\/\\\/rbe.ro\\\/en\\\/industrial-parks-business-incubators-romania\\\/\",\"name\":\"Industrial Park and Business Incubators in Romania\",\"isPartOf\":{\"@id\":\"https:\\\/\\\/rbe.ro\\\/en\\\/#website\"},\"primaryImageOfPage\":{\"@id\":\"https:\\\/\\\/rbe.ro\\\/en\\\/industrial-parks-business-incubators-romania\\\/#primaryimage\"},\"image\":{\"@id\":\"https:\\\/\\\/rbe.ro\\\/en\\\/industrial-parks-business-incubators-romania\\\/#primaryimage\"},\"thumbnailUrl\":\"https:\\\/\\\/rbe.ro\\\/wp-content\\\/uploads\\\/2016\\\/09\\\/parc-industrial-romania.jpg\",\"datePublished\":\"2016-09-04T12:09:21+00:00\",\"dateModified\":\"2020-05-17T16:21:37+00:00\",\"description\":\"List of Industrial Park and business incubators in Romania, fiscal incentives for green-field projects, business development and partners, industry\",\"breadcrumb\":{\"@id\":\"https:\\\/\\\/rbe.ro\\\/en\\\/industrial-parks-business-incubators-romania\\\/#breadcrumb\"},\"inLanguage\":\"en-US\",\"potentialAction\":[{\"@type\":\"ReadAction\",\"target\":[\"https:\\\/\\\/rbe.ro\\\/en\\\/industrial-parks-business-incubators-romania\\\/\"]}]},{\"@type\":\"ImageObject\",\"inLanguage\":\"en-US\",\"@id\":\"https:\\\/\\\/rbe.ro\\\/en\\\/industrial-parks-business-incubators-romania\\\/#primaryimage\",\"url\":\"https:\\\/\\\/rbe.ro\\\/wp-content\\\/uploads\\\/2016\\\/09\\\/parc-industrial-romania.jpg\",\"contentUrl\":\"https:\\\/\\\/rbe.ro\\\/wp-content\\\/uploads\\\/2016\\\/09\\\/parc-industrial-romania.jpg\",\"width\":800,\"height\":473},{\"@type\":\"BreadcrumbList\",\"@id\":\"https:\\\/\\\/rbe.ro\\\/en\\\/industrial-parks-business-incubators-romania\\\/#breadcrumb\",\"itemListElement\":[{\"@type\":\"ListItem\",\"position\":1,\"name\":\"Home\",\"item\":\"https:\\\/\\\/rbe.ro\\\/en\\\/\"},{\"@type\":\"ListItem\",\"position\":2,\"name\":\"Industrial Parks and Business Incubators in Romania\"}]},{\"@type\":\"WebSite\",\"@id\":\"https:\\\/\\\/rbe.ro\\\/en\\\/#website\",\"url\":\"https:\\\/\\\/rbe.ro\\\/en\\\/\",\"name\":\"Bursa Romana de Afaceri - RBE Connect - Romanian Business Exchange\",\"description\":\"Business Opportunities, Networking, Business Partners, New International Markets and Customers,  Financing, Private Capital, Events, Business Directory, News, International Business, Best place to Promote Your Business for Sale, Innovative and Intuitive Business Matchmaking Platform\",\"publisher\":{\"@id\":\"https:\\\/\\\/rbe.ro\\\/en\\\/#organization\"},\"potentialAction\":[{\"@type\":\"SearchAction\",\"target\":{\"@type\":\"EntryPoint\",\"urlTemplate\":\"https:\\\/\\\/rbe.ro\\\/en\\\/?s={search_term_string}\"},\"query-input\":{\"@type\":\"PropertyValueSpecification\",\"valueRequired\":true,\"valueName\":\"search_term_string\"}}],\"inLanguage\":\"en-US\"},{\"@type\":\"Organization\",\"@id\":\"https:\\\/\\\/rbe.ro\\\/en\\\/#organization\",\"name\":\"Romanian Business Exchange \\\/ Bursa Romana de Afaceri\",\"url\":\"https:\\\/\\\/rbe.ro\\\/en\\\/\",\"logo\":{\"@type\":\"ImageObject\",\"inLanguage\":\"en-US\",\"@id\":\"https:\\\/\\\/rbe.ro\\\/en\\\/#\\\/schema\\\/logo\\\/image\\\/\",\"url\":\"https:\\\/\\\/rbe.ro\\\/wp-content\\\/uploads\\\/2015\\\/04\\\/logo144x144.png\",\"contentUrl\":\"https:\\\/\\\/rbe.ro\\\/wp-content\\\/uploads\\\/2015\\\/04\\\/logo144x144.png\",\"width\":144,\"height\":144,\"caption\":\"Romanian Business Exchange \\\/ Bursa Romana de Afaceri\"},\"image\":{\"@id\":\"https:\\\/\\\/rbe.ro\\\/en\\\/#\\\/schema\\\/logo\\\/image\\\/\"},\"sameAs\":[\"https:\\\/\\\/www.facebook.com\\\/pages\\\/Bursa-Romana-de-Afaceri\\\/182241851866418\",\"https:\\\/\\\/x.com\\\/bursaromanadeaf\",\"http:\\\/\\\/www.linkedin.com\\\/groups\\\/Romanian-Business-Exchange-Bursa-Romana-3814995\",\"https:\\\/\\\/www.youtube.com\\\/channel\\\/UCdscGu19OXHZb-6ms7I6txg\"]}]}<\/script>\n<!-- \/ Yoast SEO plugin. -->","yoast_head_json":{"title":"Industrial Park and Business Incubators in Romania","description":"List of Industrial Park and business incubators in Romania, fiscal incentives for green-field projects, business development and partners, industry","robots":{"index":"index","follow":"follow","max-snippet":"max-snippet:-1","max-image-preview":"max-image-preview:large","max-video-preview":"max-video-preview:-1"},"canonical":"https:\/\/rbe.ro\/en\/industrial-parks-business-incubators-romania\/","og_locale":"en_US","og_type":"article","og_title":"Industrial Park and Business Incubators in Romania","og_description":"List of Industrial Park and business incubators in Romania, fiscal incentives for green-field projects, business development and partners, industry","og_url":"https:\/\/rbe.ro\/en\/industrial-parks-business-incubators-romania\/","og_site_name":"Bursa Romana de Afaceri - RBE Connect - Romanian Business Exchange","article_publisher":"https:\/\/www.facebook.com\/pages\/Bursa-Romana-de-Afaceri\/182241851866418","article_modified_time":"2020-05-17T16:21:37+00:00","og_image":[{"width":800,"height":473,"url":"https:\/\/rbe.ro\/wp-content\/uploads\/2016\/09\/parc-industrial-romania.jpg","type":"image\/jpeg"}],"twitter_card":"summary_large_image","twitter_site":"@bursaromanadeaf","twitter_misc":{"Est. reading time":"5 minutes"},"schema":{"@context":"https:\/\/schema.org","@graph":[{"@type":"WebPage","@id":"https:\/\/rbe.ro\/en\/industrial-parks-business-incubators-romania\/","url":"https:\/\/rbe.ro\/en\/industrial-parks-business-incubators-romania\/","name":"Industrial Park and Business Incubators in Romania","isPartOf":{"@id":"https:\/\/rbe.ro\/en\/#website"},"primaryImageOfPage":{"@id":"https:\/\/rbe.ro\/en\/industrial-parks-business-incubators-romania\/#primaryimage"},"image":{"@id":"https:\/\/rbe.ro\/en\/industrial-parks-business-incubators-romania\/#primaryimage"},"thumbnailUrl":"https:\/\/rbe.ro\/wp-content\/uploads\/2016\/09\/parc-industrial-romania.jpg","datePublished":"2016-09-04T12:09:21+00:00","dateModified":"2020-05-17T16:21:37+00:00","description":"List of Industrial Park and business incubators in Romania, fiscal incentives for green-field projects, business development and partners, industry","breadcrumb":{"@id":"https:\/\/rbe.ro\/en\/industrial-parks-business-incubators-romania\/#breadcrumb"},"inLanguage":"en-US","potentialAction":[{"@type":"ReadAction","target":["https:\/\/rbe.ro\/en\/industrial-parks-business-incubators-romania\/"]}]},{"@type":"ImageObject","inLanguage":"en-US","@id":"https:\/\/rbe.ro\/en\/industrial-parks-business-incubators-romania\/#primaryimage","url":"https:\/\/rbe.ro\/wp-content\/uploads\/2016\/09\/parc-industrial-romania.jpg","contentUrl":"https:\/\/rbe.ro\/wp-content\/uploads\/2016\/09\/parc-industrial-romania.jpg","width":800,"height":473},{"@type":"BreadcrumbList","@id":"https:\/\/rbe.ro\/en\/industrial-parks-business-incubators-romania\/#breadcrumb","itemListElement":[{"@type":"ListItem","position":1,"name":"Home","item":"https:\/\/rbe.ro\/en\/"},{"@type":"ListItem","position":2,"name":"Industrial Parks and Business Incubators in Romania"}]},{"@type":"WebSite","@id":"https:\/\/rbe.ro\/en\/#website","url":"https:\/\/rbe.ro\/en\/","name":"Bursa Romana de Afaceri - RBE Connect - Romanian Business Exchange","description":"Business Opportunities, Networking, Business Partners, New International Markets and Customers,  Financing, Private Capital, Events, Business Directory, News, International Business, Best place to Promote Your Business for Sale, Innovative and Intuitive Business Matchmaking Platform","publisher":{"@id":"https:\/\/rbe.ro\/en\/#organization"},"potentialAction":[{"@type":"SearchAction","target":{"@type":"EntryPoint","urlTemplate":"https:\/\/rbe.ro\/en\/?s={search_term_string}"},"query-input":{"@type":"PropertyValueSpecification","valueRequired":true,"valueName":"search_term_string"}}],"inLanguage":"en-US"},{"@type":"Organization","@id":"https:\/\/rbe.ro\/en\/#organization","name":"Romanian Business Exchange \/ Bursa Romana de Afaceri","url":"https:\/\/rbe.ro\/en\/","logo":{"@type":"ImageObject","inLanguage":"en-US","@id":"https:\/\/rbe.ro\/en\/#\/schema\/logo\/image\/","url":"https:\/\/rbe.ro\/wp-content\/uploads\/2015\/04\/logo144x144.png","contentUrl":"https:\/\/rbe.ro\/wp-content\/uploads\/2015\/04\/logo144x144.png","width":144,"height":144,"caption":"Romanian Business Exchange \/ Bursa Romana de Afaceri"},"image":{"@id":"https:\/\/rbe.ro\/en\/#\/schema\/logo\/image\/"},"sameAs":["https:\/\/www.facebook.com\/pages\/Bursa-Romana-de-Afaceri\/182241851866418","https:\/\/x.com\/bursaromanadeaf","http:\/\/www.linkedin.com\/groups\/Romanian-Business-Exchange-Bursa-Romana-3814995","https:\/\/www.youtube.com\/channel\/UCdscGu19OXHZb-6ms7I6txg"]}]}},"_links":{"self":[{"href":"https:\/\/rbe.ro\/en\/wp-json\/wp\/v2\/pages\/12137","targetHints":{"allow":["GET"]}}],"collection":[{"href":"https:\/\/rbe.ro\/en\/wp-json\/wp\/v2\/pages"}],"about":[{"href":"https:\/\/rbe.ro\/en\/wp-json\/wp\/v2\/types\/page"}],"author":[{"embeddable":true,"href":"https:\/\/rbe.ro\/en\/wp-json\/wp\/v2\/users\/836"}],"replies":[{"embeddable":true,"href":"https:\/\/rbe.ro\/en\/wp-json\/wp\/v2\/comments?post=12137"}],"version-history":[{"count":0,"href":"https:\/\/rbe.ro\/en\/wp-json\/wp\/v2\/pages\/12137\/revisions"}],"wp:featuredmedia":[{"embeddable":true,"href":"https:\/\/rbe.ro\/en\/wp-json\/wp\/v2\/media\/12133"}],"wp:attachment":[{"href":"https:\/\/rbe.ro\/en\/wp-json\/wp\/v2\/media?parent=12137"}],"curies":[{"name":"wp","href":"https:\/\/api.w.org\/{rel}","templated":true}]}}