{"id":70786,"date":"2025-08-16T15:02:37","date_gmt":"2025-08-16T12:02:37","guid":{"rendered":"https:\/\/rbe.ro\/?post_type=product&#038;p=70786"},"modified":"2025-08-28T22:40:56","modified_gmt":"2025-08-28T19:40:56","slug":"businessconnect-seminar-capital-inovatie-si-oportunitati-din-sua","status":"publish","type":"product","link":"https:\/\/rbe.ro\/en\/product\/businessconnect-seminar-capital-inovatie-si-oportunitati-din-sua\/","title":{"rendered":"Business Connect Seminar \u2013 Capital, Inova\u021bie \u0219i Oportunit\u0103\u021bi de Business din SUA: Bucuresti, 2 Octombrie 2025"},"content":{"rendered":"<p data-start=\"1334\" data-end=\"1659\"><strong data-start=\"1334\" data-end=\"1348\">Descriere:<\/strong><br data-start=\"1348\" data-end=\"1351\" \/>Particip\u0103 la evenimentul care aduce \u00eempreun\u0103 investitori, antreprenori \u0219i exper\u021bi interna\u021bionali pentru a discuta strategii de atragere de capital \u0219i modele de afaceri scalabile.<br data-start=\"1529\" data-end=\"1532\" \/>Afl\u0103 direct de la Gordon Daugherty co-fondator al Capital Factory cum po\u021bi conecta afacerea ta la pie\u021bele \u0219i investi\u021biile americane.<\/p>\n<p data-start=\"1661\" data-end=\"1689\"><strong data-start=\"1661\" data-end=\"1687\">Beneficii participare:<\/strong><\/p>\n<ul data-start=\"1690\" data-end=\"1834\">\n<li data-start=\"1690\" data-end=\"1728\">\n<p data-start=\"1692\" data-end=\"1728\">Modele actuale de business din SUA<\/p>\n<\/li>\n<li data-start=\"1729\" data-end=\"1777\">\n<p data-start=\"1731\" data-end=\"1777\">Strategii de atragere de finan\u021bare american\u0103<\/p>\n<\/li>\n<li data-start=\"1778\" data-end=\"1834\">\n<p data-start=\"1780\" data-end=\"1834\">Networking cu peste 100 de antreprenori \u0219i investitori<\/p>\n<\/li>\n<li data-start=\"1778\" data-end=\"1834\">Oportunit\u0103\u021bi pe zona de dual-use<\/li>\n<\/ul>\n","protected":false},"excerpt":{"rendered":"<p><strong data-start=\"1253\" data-end=\"1268\">Data &amp; Ora:<\/strong><br data-start=\"1268\" data-end=\"1271\" \/>2 Octombrie 2025, ora 9:30<br data-start=\"1298\" data-end=\"1301\" \/><strong data-start=\"1301\" data-end=\"1313\">Loca\u021bia:<\/strong> Parlamentul Rom\u00e2niei<\/p>\n","protected":false},"featured_media":71080,"template":"","meta":[],"product_brand":[],"product_cat":[],"product_tag":[],"class_list":{"0":"post-70786","1":"product","2":"type-product","3":"status-publish","4":"has-post-thumbnail","7":"first","8":"instock","9":"virtual","10":"taxable","11":"purchasable","12":"product-type-simple"},"yoast_head":"<!-- This site is optimized with the Yoast SEO plugin v27.3 - https:\/\/yoast.com\/product\/yoast-seo-wordpress\/ -->\n<title>Business Connect Seminar \u2013 Capital, Inova\u021bie \u0219i Oportunit\u0103\u021bi de Business din SUA: Bucuresti, 2 Octombrie 2025 - Bursa Romana de Afaceri - RBE Connect - Romanian Business Exchange<\/title>\n<meta name=\"robots\" content=\"noindex, follow\" \/>\n<meta property=\"og:locale\" content=\"en_US\" \/>\n<meta property=\"og:type\" content=\"article\" \/>\n<meta property=\"og:title\" content=\"Business Connect Seminar \u2013 Capital, Inova\u021bie \u0219i Oportunit\u0103\u021bi de Business din SUA: Bucuresti, 2 Octombrie 2025 - Bursa Romana de Afaceri - RBE Connect - Romanian Business Exchange\" \/>\n<meta property=\"og:description\" content=\"Data &amp; Ora:2 Octombrie 2025, ora 9:30Loca\u021bia: Parlamentul Rom\u00e2niei\" \/>\n<meta property=\"og:url\" content=\"https:\/\/rbe.ro\/en\/product\/businessconnect-seminar-capital-inovatie-si-oportunitati-din-sua\/\" \/>\n<meta property=\"og:site_name\" content=\"Bursa Romana de Afaceri - RBE Connect - Romanian Business Exchange\" \/>\n<meta property=\"article:publisher\" content=\"https:\/\/www.facebook.com\/pages\/Bursa-Romana-de-Afaceri\/182241851866418\" \/>\n<meta property=\"article:modified_time\" content=\"2025-08-28T19:40:56+00:00\" \/>\n<meta property=\"og:image\" content=\"https:\/\/rbe.ro\/wp-content\/uploads\/2025\/08\/seminar-ro-mare.png\" \/>\n\t<meta property=\"og:image:width\" content=\"970\" \/>\n\t<meta property=\"og:image:height\" content=\"1200\" \/>\n\t<meta property=\"og:image:type\" content=\"image\/png\" \/>\n<meta name=\"twitter:card\" content=\"summary_large_image\" \/>\n<meta name=\"twitter:site\" content=\"@bursaromanadeaf\" \/>\n<script type=\"application\/ld+json\" class=\"yoast-schema-graph\">{\"@context\":\"https:\\\/\\\/schema.org\",\"@graph\":[{\"@type\":\"WebPage\",\"@id\":\"https:\\\/\\\/rbe.ro\\\/en\\\/product\\\/businessconnect-seminar-capital-inovatie-si-oportunitati-din-sua\\\/\",\"url\":\"https:\\\/\\\/rbe.ro\\\/en\\\/product\\\/businessconnect-seminar-capital-inovatie-si-oportunitati-din-sua\\\/\",\"name\":\"Business Connect Seminar \u2013 Capital, Inova\u021bie \u0219i Oportunit\u0103\u021bi de Business din SUA: Bucuresti, 2 Octombrie 2025 - Bursa Romana de Afaceri - RBE Connect - Romanian Business Exchange\",\"isPartOf\":{\"@id\":\"https:\\\/\\\/rbe.ro\\\/en\\\/#website\"},\"primaryImageOfPage\":{\"@id\":\"https:\\\/\\\/rbe.ro\\\/en\\\/product\\\/businessconnect-seminar-capital-inovatie-si-oportunitati-din-sua\\\/#primaryimage\"},\"image\":{\"@id\":\"https:\\\/\\\/rbe.ro\\\/en\\\/product\\\/businessconnect-seminar-capital-inovatie-si-oportunitati-din-sua\\\/#primaryimage\"},\"thumbnailUrl\":\"https:\\\/\\\/rbe.ro\\\/wp-content\\\/uploads\\\/2025\\\/08\\\/seminar-ro-mare.png\",\"datePublished\":\"2025-08-16T12:02:37+00:00\",\"dateModified\":\"2025-08-28T19:40:56+00:00\",\"breadcrumb\":{\"@id\":\"https:\\\/\\\/rbe.ro\\\/en\\\/product\\\/businessconnect-seminar-capital-inovatie-si-oportunitati-din-sua\\\/#breadcrumb\"},\"inLanguage\":\"en-US\",\"potentialAction\":[{\"@type\":\"ReadAction\",\"target\":[\"https:\\\/\\\/rbe.ro\\\/en\\\/product\\\/businessconnect-seminar-capital-inovatie-si-oportunitati-din-sua\\\/\"]}]},{\"@type\":\"ImageObject\",\"inLanguage\":\"en-US\",\"@id\":\"https:\\\/\\\/rbe.ro\\\/en\\\/product\\\/businessconnect-seminar-capital-inovatie-si-oportunitati-din-sua\\\/#primaryimage\",\"url\":\"https:\\\/\\\/rbe.ro\\\/wp-content\\\/uploads\\\/2025\\\/08\\\/seminar-ro-mare.png\",\"contentUrl\":\"https:\\\/\\\/rbe.ro\\\/wp-content\\\/uploads\\\/2025\\\/08\\\/seminar-ro-mare.png\",\"width\":970,\"height\":1200},{\"@type\":\"BreadcrumbList\",\"@id\":\"https:\\\/\\\/rbe.ro\\\/en\\\/product\\\/businessconnect-seminar-capital-inovatie-si-oportunitati-din-sua\\\/#breadcrumb\",\"itemListElement\":[{\"@type\":\"ListItem\",\"position\":1,\"name\":\"Home\",\"item\":\"https:\\\/\\\/rbe.ro\\\/en\\\/\"},{\"@type\":\"ListItem\",\"position\":2,\"name\":\"Products\",\"item\":\"https:\\\/\\\/rbe.ro\\\/en\\\/shop\\\/\"},{\"@type\":\"ListItem\",\"position\":3,\"name\":\"Business Connect Seminar \u2013 Capital, Inova\u021bie \u0219i Oportunit\u0103\u021bi de Business din SUA: Bucuresti, 2 Octombrie 2025\"}]},{\"@type\":\"WebSite\",\"@id\":\"https:\\\/\\\/rbe.ro\\\/en\\\/#website\",\"url\":\"https:\\\/\\\/rbe.ro\\\/en\\\/\",\"name\":\"Bursa Romana de Afaceri - RBE Connect - Romanian Business Exchange\",\"description\":\"Business Opportunities, Networking, Business Partners, New International Markets and Customers,  Financing, Private Capital, Events, Business Directory, News, International Business, Best place to Promote Your Business for Sale, Innovative and Intuitive Business Matchmaking Platform\",\"publisher\":{\"@id\":\"https:\\\/\\\/rbe.ro\\\/en\\\/#organization\"},\"potentialAction\":[{\"@type\":\"SearchAction\",\"target\":{\"@type\":\"EntryPoint\",\"urlTemplate\":\"https:\\\/\\\/rbe.ro\\\/en\\\/?s={search_term_string}\"},\"query-input\":{\"@type\":\"PropertyValueSpecification\",\"valueRequired\":true,\"valueName\":\"search_term_string\"}}],\"inLanguage\":\"en-US\"},{\"@type\":\"Organization\",\"@id\":\"https:\\\/\\\/rbe.ro\\\/en\\\/#organization\",\"name\":\"Romanian Business Exchange \\\/ Bursa Romana de Afaceri\",\"url\":\"https:\\\/\\\/rbe.ro\\\/en\\\/\",\"logo\":{\"@type\":\"ImageObject\",\"inLanguage\":\"en-US\",\"@id\":\"https:\\\/\\\/rbe.ro\\\/en\\\/#\\\/schema\\\/logo\\\/image\\\/\",\"url\":\"https:\\\/\\\/rbe.ro\\\/wp-content\\\/uploads\\\/2015\\\/04\\\/logo144x144.png\",\"contentUrl\":\"https:\\\/\\\/rbe.ro\\\/wp-content\\\/uploads\\\/2015\\\/04\\\/logo144x144.png\",\"width\":144,\"height\":144,\"caption\":\"Romanian Business Exchange \\\/ Bursa Romana de Afaceri\"},\"image\":{\"@id\":\"https:\\\/\\\/rbe.ro\\\/en\\\/#\\\/schema\\\/logo\\\/image\\\/\"},\"sameAs\":[\"https:\\\/\\\/www.facebook.com\\\/pages\\\/Bursa-Romana-de-Afaceri\\\/182241851866418\",\"https:\\\/\\\/x.com\\\/bursaromanadeaf\",\"http:\\\/\\\/www.linkedin.com\\\/groups\\\/Romanian-Business-Exchange-Bursa-Romana-3814995\",\"https:\\\/\\\/www.youtube.com\\\/channel\\\/UCdscGu19OXHZb-6ms7I6txg\"]}]}<\/script>\n<!-- \/ Yoast SEO plugin. -->","yoast_head_json":{"title":"Business Connect Seminar \u2013 Capital, Inova\u021bie \u0219i Oportunit\u0103\u021bi de Business din SUA: Bucuresti, 2 Octombrie 2025 - Bursa Romana de Afaceri - RBE Connect - Romanian Business Exchange","robots":{"index":"noindex","follow":"follow"},"og_locale":"en_US","og_type":"article","og_title":"Business Connect Seminar \u2013 Capital, Inova\u021bie \u0219i Oportunit\u0103\u021bi de Business din SUA: Bucuresti, 2 Octombrie 2025 - Bursa Romana de Afaceri - RBE Connect - Romanian Business Exchange","og_description":"Data &amp; Ora:2 Octombrie 2025, ora 9:30Loca\u021bia: Parlamentul Rom\u00e2niei","og_url":"https:\/\/rbe.ro\/en\/product\/businessconnect-seminar-capital-inovatie-si-oportunitati-din-sua\/","og_site_name":"Bursa Romana de Afaceri - RBE Connect - Romanian Business Exchange","article_publisher":"https:\/\/www.facebook.com\/pages\/Bursa-Romana-de-Afaceri\/182241851866418","article_modified_time":"2025-08-28T19:40:56+00:00","og_image":[{"width":970,"height":1200,"url":"https:\/\/rbe.ro\/wp-content\/uploads\/2025\/08\/seminar-ro-mare.png","type":"image\/png"}],"twitter_card":"summary_large_image","twitter_site":"@bursaromanadeaf","schema":{"@context":"https:\/\/schema.org","@graph":[{"@type":"WebPage","@id":"https:\/\/rbe.ro\/en\/product\/businessconnect-seminar-capital-inovatie-si-oportunitati-din-sua\/","url":"https:\/\/rbe.ro\/en\/product\/businessconnect-seminar-capital-inovatie-si-oportunitati-din-sua\/","name":"Business Connect Seminar \u2013 Capital, Inova\u021bie \u0219i Oportunit\u0103\u021bi de Business din SUA: Bucuresti, 2 Octombrie 2025 - Bursa Romana de Afaceri - RBE Connect - Romanian Business Exchange","isPartOf":{"@id":"https:\/\/rbe.ro\/en\/#website"},"primaryImageOfPage":{"@id":"https:\/\/rbe.ro\/en\/product\/businessconnect-seminar-capital-inovatie-si-oportunitati-din-sua\/#primaryimage"},"image":{"@id":"https:\/\/rbe.ro\/en\/product\/businessconnect-seminar-capital-inovatie-si-oportunitati-din-sua\/#primaryimage"},"thumbnailUrl":"https:\/\/rbe.ro\/wp-content\/uploads\/2025\/08\/seminar-ro-mare.png","datePublished":"2025-08-16T12:02:37+00:00","dateModified":"2025-08-28T19:40:56+00:00","breadcrumb":{"@id":"https:\/\/rbe.ro\/en\/product\/businessconnect-seminar-capital-inovatie-si-oportunitati-din-sua\/#breadcrumb"},"inLanguage":"en-US","potentialAction":[{"@type":"ReadAction","target":["https:\/\/rbe.ro\/en\/product\/businessconnect-seminar-capital-inovatie-si-oportunitati-din-sua\/"]}]},{"@type":"ImageObject","inLanguage":"en-US","@id":"https:\/\/rbe.ro\/en\/product\/businessconnect-seminar-capital-inovatie-si-oportunitati-din-sua\/#primaryimage","url":"https:\/\/rbe.ro\/wp-content\/uploads\/2025\/08\/seminar-ro-mare.png","contentUrl":"https:\/\/rbe.ro\/wp-content\/uploads\/2025\/08\/seminar-ro-mare.png","width":970,"height":1200},{"@type":"BreadcrumbList","@id":"https:\/\/rbe.ro\/en\/product\/businessconnect-seminar-capital-inovatie-si-oportunitati-din-sua\/#breadcrumb","itemListElement":[{"@type":"ListItem","position":1,"name":"Home","item":"https:\/\/rbe.ro\/en\/"},{"@type":"ListItem","position":2,"name":"Products","item":"https:\/\/rbe.ro\/en\/shop\/"},{"@type":"ListItem","position":3,"name":"Business Connect Seminar \u2013 Capital, Inova\u021bie \u0219i Oportunit\u0103\u021bi de Business din SUA: Bucuresti, 2 Octombrie 2025"}]},{"@type":"WebSite","@id":"https:\/\/rbe.ro\/en\/#website","url":"https:\/\/rbe.ro\/en\/","name":"Bursa Romana de Afaceri - RBE Connect - Romanian Business Exchange","description":"Business Opportunities, Networking, Business Partners, New International Markets and Customers,  Financing, Private Capital, Events, Business Directory, News, International Business, Best place to Promote Your Business for Sale, Innovative and Intuitive Business Matchmaking Platform","publisher":{"@id":"https:\/\/rbe.ro\/en\/#organization"},"potentialAction":[{"@type":"SearchAction","target":{"@type":"EntryPoint","urlTemplate":"https:\/\/rbe.ro\/en\/?s={search_term_string}"},"query-input":{"@type":"PropertyValueSpecification","valueRequired":true,"valueName":"search_term_string"}}],"inLanguage":"en-US"},{"@type":"Organization","@id":"https:\/\/rbe.ro\/en\/#organization","name":"Romanian Business Exchange \/ Bursa Romana de Afaceri","url":"https:\/\/rbe.ro\/en\/","logo":{"@type":"ImageObject","inLanguage":"en-US","@id":"https:\/\/rbe.ro\/en\/#\/schema\/logo\/image\/","url":"https:\/\/rbe.ro\/wp-content\/uploads\/2015\/04\/logo144x144.png","contentUrl":"https:\/\/rbe.ro\/wp-content\/uploads\/2015\/04\/logo144x144.png","width":144,"height":144,"caption":"Romanian Business Exchange \/ Bursa Romana de Afaceri"},"image":{"@id":"https:\/\/rbe.ro\/en\/#\/schema\/logo\/image\/"},"sameAs":["https:\/\/www.facebook.com\/pages\/Bursa-Romana-de-Afaceri\/182241851866418","https:\/\/x.com\/bursaromanadeaf","http:\/\/www.linkedin.com\/groups\/Romanian-Business-Exchange-Bursa-Romana-3814995","https:\/\/www.youtube.com\/channel\/UCdscGu19OXHZb-6ms7I6txg"]}]}},"_links":{"self":[{"href":"https:\/\/rbe.ro\/en\/wp-json\/wp\/v2\/product\/70786","targetHints":{"allow":["GET"]}}],"collection":[{"href":"https:\/\/rbe.ro\/en\/wp-json\/wp\/v2\/product"}],"about":[{"href":"https:\/\/rbe.ro\/en\/wp-json\/wp\/v2\/types\/product"}],"wp:featuredmedia":[{"embeddable":true,"href":"https:\/\/rbe.ro\/en\/wp-json\/wp\/v2\/media\/71080"}],"wp:attachment":[{"href":"https:\/\/rbe.ro\/en\/wp-json\/wp\/v2\/media?parent=70786"}],"wp:term":[{"taxonomy":"product_brand","embeddable":true,"href":"https:\/\/rbe.ro\/en\/wp-json\/wp\/v2\/product_brand?post=70786"},{"taxonomy":"product_cat","embeddable":true,"href":"https:\/\/rbe.ro\/en\/wp-json\/wp\/v2\/product_cat?post=70786"},{"taxonomy":"product_tag","embeddable":true,"href":"https:\/\/rbe.ro\/en\/wp-json\/wp\/v2\/product_tag?post=70786"}],"curies":[{"name":"wp","href":"https:\/\/api.w.org\/{rel}","templated":true}]}}