{"id":25496,"date":"2019-04-01T08:48:47","date_gmt":"2019-04-01T05:48:47","guid":{"rendered":"https:\/\/rbe.ro\/product\/professional-listing\/"},"modified":"2025-09-01T13:33:24","modified_gmt":"2025-09-01T10:33:24","slug":"professional-listing","status":"publish","type":"product","link":"https:\/\/rbe.ro\/es\/product\/professional-listing\/","title":{"rendered":"Pachet listare si promovare Economic (1.249 Lei + TVA)"},"content":{"rendered":"<p>Ai ales <strong>Pachetul ECONOMIC in valoare de 1.249 Lei + VAT<\/strong>, pentru a-\u021bi lista \u0219i promova propunerea de afaceri beneficiind de urm\u0103toarele servicii suplimentare:<\/p>\n<p><strong>\u0218edin\u021b\u0103 de Informare \u0219i Orientare<\/strong> (45 min online)<\/p>\n<p><strong>Promovare \u00een platforma RBE, Linkedin, Facebook Ads \u0219i Google Ads<\/strong><\/p>\n<p>\u2022 Buget de promovare online de 300 Lei inclus \u00een pachet<\/p>\n<p>\u2022 Sprijin \u00een realizarea Listingului<\/p>\n<p>\u2022 Afi\u0219are HomePage (1 lun\u0103)<\/p>\n<p>\u2022 Promovare extra \u00een Sliderul de Oportunit\u0103\u021bi<\/p>\n<p>\u2022 Valabilitate:\u00a0180 zile<\/p>\n<p>\u2022 Dou\u0103 imagini<\/p>\n<p>\u2022 Optiune afi\u0219are num\u0103r de telefon \u0219i date de contact<\/p>\n<p>\u2022 Comunicare direct\u0103 (f\u0103r\u0103 comision)<\/p>\n<p>\u2022 Distribu\u021bie \u00een Facebook si Linkedin<\/p>\n<p>\u2022 Distribu\u021bie \u00een 20 de grupuri de afaceri<\/p>\n<p>I\u021bi recomand\u0103m s\u0103 completezi toate detaliile propunerii tale, pentru a ii convinge pe poten\u021bialii interesa\u021bi c\u0103 solicitarea ta este una serioas\u0103. Noi i\u021bi garant\u0103m c\u0103 aceasta <strong>va beneficia de cel pu\u021bin 800 de vizualiz\u0103ri<\/strong> din partea utilizatorilor specializa\u021bi ai platformei Bursei Rom\u00e2ne de Afaceri \u2013 dedicat\u0103 v\u00e2nz\u0103rii \u0219i cump\u0103r\u0103rii de afaceri la cheie \u0219i promov\u0103rii propunerilor de afaceri c\u0103tre o comunitate de peste 20.000 de profesioni\u0219ti construit\u0103 \u0219i selectat\u0103 in cei peste 17 ani de activitate.<\/p>\n","protected":false},"excerpt":{"rendered":"<p>Ai ales Pachetul ECONOMIC in valoare de 1.249 Lei + VAT, pentru a-\u021bi lista \u0219i promova propunerea de afaceri beneficiind de urm\u0103toarele servicii suplimentare: \u0218edin\u021b\u0103 de Informare \u0219i Orientare (45 min online) Promovare \u00een platforma RBE, Linkedin, Facebook Ads \u0219i Google Ads \u2022 Buget de promovare online de 300 Lei inclus \u00een pachet \u2022 Sprijin \u00een realizarea Listingului \u2022 Afi\u0219are [&hellip;]<\/p>\n","protected":false},"featured_media":40430,"template":"","meta":[],"product_brand":[],"product_cat":[2993,2994],"product_tag":[],"class_list":{"0":"post-25496","1":"product","2":"type-product","3":"status-publish","4":"has-post-thumbnail","6":"product_cat-add-listings-2-2","7":"product_cat-paid-listings-2-2","9":"first","10":"instock","11":"virtual","12":"taxable","13":"purchasable","14":"product-type-simple"},"yoast_head":"<!-- This site is optimized with the Yoast SEO plugin v27.3 - https:\/\/yoast.com\/product\/yoast-seo-wordpress\/ -->\n<title>Pachet listare si promovare Economic (1.249 Lei + TVA) - Bursa Romana de Afaceri - RBE Connect - Romanian Business Exchange<\/title>\n<meta name=\"robots\" content=\"noindex, follow\" \/>\n<meta property=\"og:locale\" content=\"es_ES\" \/>\n<meta property=\"og:type\" content=\"article\" \/>\n<meta property=\"og:title\" content=\"Pachet listare si promovare Economic (1.249 Lei + TVA) - Bursa Romana de Afaceri - RBE Connect - Romanian Business Exchange\" \/>\n<meta property=\"og:description\" content=\"Ai ales Pachetul ECONOMIC in valoare de 1.249 Lei + VAT, pentru a-\u021bi lista \u0219i promova propunerea de afaceri beneficiind de urm\u0103toarele servicii suplimentare: \u0218edin\u021b\u0103 de Informare \u0219i Orientare (45 min online) Promovare \u00een platforma RBE, Linkedin, Facebook Ads \u0219i Google Ads \u2022 Buget de promovare online de 300 Lei inclus \u00een pachet \u2022 Sprijin \u00een realizarea Listingului \u2022 Afi\u0219are [&hellip;]\" \/>\n<meta property=\"og:url\" content=\"https:\/\/rbe.ro\/es\/product\/professional-listing\/\" \/>\n<meta property=\"og:site_name\" content=\"Bursa Romana de Afaceri - RBE Connect - Romanian Business Exchange\" \/>\n<meta property=\"article:publisher\" content=\"https:\/\/www.facebook.com\/pages\/Bursa-Romana-de-Afaceri\/182241851866418\" \/>\n<meta property=\"article:modified_time\" content=\"2025-09-01T10:33:24+00:00\" \/>\n<meta property=\"og:image\" content=\"https:\/\/rbe.ro\/wp-content\/uploads\/2020\/02\/economic-rbe-connect.png\" \/>\n\t<meta property=\"og:image:width\" content=\"300\" \/>\n\t<meta property=\"og:image:height\" content=\"200\" \/>\n\t<meta property=\"og:image:type\" content=\"image\/png\" \/>\n<meta name=\"twitter:card\" content=\"summary_large_image\" \/>\n<meta name=\"twitter:site\" content=\"@bursaromanadeaf\" \/>\n<meta name=\"twitter:label1\" content=\"Tiempo de lectura\" \/>\n\t<meta name=\"twitter:data1\" content=\"1 minuto\" \/>\n<script type=\"application\/ld+json\" class=\"yoast-schema-graph\">{\"@context\":\"https:\\\/\\\/schema.org\",\"@graph\":[{\"@type\":\"WebPage\",\"@id\":\"https:\\\/\\\/rbe.ro\\\/es\\\/product\\\/professional-listing\\\/\",\"url\":\"https:\\\/\\\/rbe.ro\\\/es\\\/product\\\/professional-listing\\\/\",\"name\":\"Pachet listare si promovare Economic (1.249 Lei + TVA) - Bursa Romana de Afaceri - RBE Connect - Romanian Business Exchange\",\"isPartOf\":{\"@id\":\"https:\\\/\\\/rbe.ro\\\/es\\\/#website\"},\"primaryImageOfPage\":{\"@id\":\"https:\\\/\\\/rbe.ro\\\/es\\\/product\\\/professional-listing\\\/#primaryimage\"},\"image\":{\"@id\":\"https:\\\/\\\/rbe.ro\\\/es\\\/product\\\/professional-listing\\\/#primaryimage\"},\"thumbnailUrl\":\"https:\\\/\\\/rbe.ro\\\/wp-content\\\/uploads\\\/2020\\\/02\\\/economic-rbe-connect.png\",\"datePublished\":\"2019-04-01T05:48:47+00:00\",\"dateModified\":\"2025-09-01T10:33:24+00:00\",\"breadcrumb\":{\"@id\":\"https:\\\/\\\/rbe.ro\\\/es\\\/product\\\/professional-listing\\\/#breadcrumb\"},\"inLanguage\":\"es\",\"potentialAction\":[{\"@type\":\"ReadAction\",\"target\":[\"https:\\\/\\\/rbe.ro\\\/es\\\/product\\\/professional-listing\\\/\"]}]},{\"@type\":\"ImageObject\",\"inLanguage\":\"es\",\"@id\":\"https:\\\/\\\/rbe.ro\\\/es\\\/product\\\/professional-listing\\\/#primaryimage\",\"url\":\"https:\\\/\\\/rbe.ro\\\/wp-content\\\/uploads\\\/2020\\\/02\\\/economic-rbe-connect.png\",\"contentUrl\":\"https:\\\/\\\/rbe.ro\\\/wp-content\\\/uploads\\\/2020\\\/02\\\/economic-rbe-connect.png\",\"width\":300,\"height\":200,\"caption\":\"economic listing rbe connect\"},{\"@type\":\"BreadcrumbList\",\"@id\":\"https:\\\/\\\/rbe.ro\\\/es\\\/product\\\/professional-listing\\\/#breadcrumb\",\"itemListElement\":[{\"@type\":\"ListItem\",\"position\":1,\"name\":\"Home\",\"item\":\"https:\\\/\\\/rbe.ro\\\/es\\\/\"},{\"@type\":\"ListItem\",\"position\":2,\"name\":\"Productos\",\"item\":\"https:\\\/\\\/rbe.ro\\\/es\\\/shop\\\/\"},{\"@type\":\"ListItem\",\"position\":3,\"name\":\"Pachet listare si promovare Economic (1.249 Lei + TVA)\"}]},{\"@type\":\"WebSite\",\"@id\":\"https:\\\/\\\/rbe.ro\\\/es\\\/#website\",\"url\":\"https:\\\/\\\/rbe.ro\\\/es\\\/\",\"name\":\"Bursa Romana de Afaceri - RBE Connect - Romanian Business Exchange\",\"description\":\"Business Opportunities, Networking, Business Partners, New International Markets and Customers,  Financing, Private Capital, Events, Business Directory, News, International Business, Best place to Promote Your Business for Sale, Innovative and Intuitive Business Matchmaking Platform\",\"publisher\":{\"@id\":\"https:\\\/\\\/rbe.ro\\\/es\\\/#organization\"},\"potentialAction\":[{\"@type\":\"SearchAction\",\"target\":{\"@type\":\"EntryPoint\",\"urlTemplate\":\"https:\\\/\\\/rbe.ro\\\/es\\\/?s={search_term_string}\"},\"query-input\":{\"@type\":\"PropertyValueSpecification\",\"valueRequired\":true,\"valueName\":\"search_term_string\"}}],\"inLanguage\":\"es\"},{\"@type\":\"Organization\",\"@id\":\"https:\\\/\\\/rbe.ro\\\/es\\\/#organization\",\"name\":\"Romanian Business Exchange \\\/ Bursa Romana de Afaceri\",\"url\":\"https:\\\/\\\/rbe.ro\\\/es\\\/\",\"logo\":{\"@type\":\"ImageObject\",\"inLanguage\":\"es\",\"@id\":\"https:\\\/\\\/rbe.ro\\\/es\\\/#\\\/schema\\\/logo\\\/image\\\/\",\"url\":\"https:\\\/\\\/rbe.ro\\\/wp-content\\\/uploads\\\/2015\\\/04\\\/logo144x144.png\",\"contentUrl\":\"https:\\\/\\\/rbe.ro\\\/wp-content\\\/uploads\\\/2015\\\/04\\\/logo144x144.png\",\"width\":144,\"height\":144,\"caption\":\"Romanian Business Exchange \\\/ Bursa Romana de Afaceri\"},\"image\":{\"@id\":\"https:\\\/\\\/rbe.ro\\\/es\\\/#\\\/schema\\\/logo\\\/image\\\/\"},\"sameAs\":[\"https:\\\/\\\/www.facebook.com\\\/pages\\\/Bursa-Romana-de-Afaceri\\\/182241851866418\",\"https:\\\/\\\/x.com\\\/bursaromanadeaf\",\"http:\\\/\\\/www.linkedin.com\\\/groups\\\/Romanian-Business-Exchange-Bursa-Romana-3814995\",\"https:\\\/\\\/www.youtube.com\\\/channel\\\/UCdscGu19OXHZb-6ms7I6txg\"]}]}<\/script>\n<!-- \/ Yoast SEO plugin. -->","yoast_head_json":{"title":"Pachet listare si promovare Economic (1.249 Lei + TVA) - Bursa Romana de Afaceri - RBE Connect - Romanian Business Exchange","robots":{"index":"noindex","follow":"follow"},"og_locale":"es_ES","og_type":"article","og_title":"Pachet listare si promovare Economic (1.249 Lei + TVA) - Bursa Romana de Afaceri - RBE Connect - Romanian Business Exchange","og_description":"Ai ales Pachetul ECONOMIC in valoare de 1.249 Lei + VAT, pentru a-\u021bi lista \u0219i promova propunerea de afaceri beneficiind de urm\u0103toarele servicii suplimentare: \u0218edin\u021b\u0103 de Informare \u0219i Orientare (45 min online) Promovare \u00een platforma RBE, Linkedin, Facebook Ads \u0219i Google Ads \u2022 Buget de promovare online de 300 Lei inclus \u00een pachet \u2022 Sprijin \u00een realizarea Listingului \u2022 Afi\u0219are [&hellip;]","og_url":"https:\/\/rbe.ro\/es\/product\/professional-listing\/","og_site_name":"Bursa Romana de Afaceri - RBE Connect - Romanian Business Exchange","article_publisher":"https:\/\/www.facebook.com\/pages\/Bursa-Romana-de-Afaceri\/182241851866418","article_modified_time":"2025-09-01T10:33:24+00:00","og_image":[{"width":300,"height":200,"url":"https:\/\/rbe.ro\/wp-content\/uploads\/2020\/02\/economic-rbe-connect.png","type":"image\/png"}],"twitter_card":"summary_large_image","twitter_site":"@bursaromanadeaf","twitter_misc":{"Tiempo de lectura":"1 minuto"},"schema":{"@context":"https:\/\/schema.org","@graph":[{"@type":"WebPage","@id":"https:\/\/rbe.ro\/es\/product\/professional-listing\/","url":"https:\/\/rbe.ro\/es\/product\/professional-listing\/","name":"Pachet listare si promovare Economic (1.249 Lei + TVA) - Bursa Romana de Afaceri - RBE Connect - Romanian Business Exchange","isPartOf":{"@id":"https:\/\/rbe.ro\/es\/#website"},"primaryImageOfPage":{"@id":"https:\/\/rbe.ro\/es\/product\/professional-listing\/#primaryimage"},"image":{"@id":"https:\/\/rbe.ro\/es\/product\/professional-listing\/#primaryimage"},"thumbnailUrl":"https:\/\/rbe.ro\/wp-content\/uploads\/2020\/02\/economic-rbe-connect.png","datePublished":"2019-04-01T05:48:47+00:00","dateModified":"2025-09-01T10:33:24+00:00","breadcrumb":{"@id":"https:\/\/rbe.ro\/es\/product\/professional-listing\/#breadcrumb"},"inLanguage":"es","potentialAction":[{"@type":"ReadAction","target":["https:\/\/rbe.ro\/es\/product\/professional-listing\/"]}]},{"@type":"ImageObject","inLanguage":"es","@id":"https:\/\/rbe.ro\/es\/product\/professional-listing\/#primaryimage","url":"https:\/\/rbe.ro\/wp-content\/uploads\/2020\/02\/economic-rbe-connect.png","contentUrl":"https:\/\/rbe.ro\/wp-content\/uploads\/2020\/02\/economic-rbe-connect.png","width":300,"height":200,"caption":"economic listing rbe connect"},{"@type":"BreadcrumbList","@id":"https:\/\/rbe.ro\/es\/product\/professional-listing\/#breadcrumb","itemListElement":[{"@type":"ListItem","position":1,"name":"Home","item":"https:\/\/rbe.ro\/es\/"},{"@type":"ListItem","position":2,"name":"Productos","item":"https:\/\/rbe.ro\/es\/shop\/"},{"@type":"ListItem","position":3,"name":"Pachet listare si promovare Economic (1.249 Lei + TVA)"}]},{"@type":"WebSite","@id":"https:\/\/rbe.ro\/es\/#website","url":"https:\/\/rbe.ro\/es\/","name":"Bursa Romana de Afaceri - RBE Connect - Romanian Business Exchange","description":"Business Opportunities, Networking, Business Partners, New International Markets and Customers,  Financing, Private Capital, Events, Business Directory, News, International Business, Best place to Promote Your Business for Sale, Innovative and Intuitive Business Matchmaking Platform","publisher":{"@id":"https:\/\/rbe.ro\/es\/#organization"},"potentialAction":[{"@type":"SearchAction","target":{"@type":"EntryPoint","urlTemplate":"https:\/\/rbe.ro\/es\/?s={search_term_string}"},"query-input":{"@type":"PropertyValueSpecification","valueRequired":true,"valueName":"search_term_string"}}],"inLanguage":"es"},{"@type":"Organization","@id":"https:\/\/rbe.ro\/es\/#organization","name":"Romanian Business Exchange \/ Bursa Romana de Afaceri","url":"https:\/\/rbe.ro\/es\/","logo":{"@type":"ImageObject","inLanguage":"es","@id":"https:\/\/rbe.ro\/es\/#\/schema\/logo\/image\/","url":"https:\/\/rbe.ro\/wp-content\/uploads\/2015\/04\/logo144x144.png","contentUrl":"https:\/\/rbe.ro\/wp-content\/uploads\/2015\/04\/logo144x144.png","width":144,"height":144,"caption":"Romanian Business Exchange \/ Bursa Romana de Afaceri"},"image":{"@id":"https:\/\/rbe.ro\/es\/#\/schema\/logo\/image\/"},"sameAs":["https:\/\/www.facebook.com\/pages\/Bursa-Romana-de-Afaceri\/182241851866418","https:\/\/x.com\/bursaromanadeaf","http:\/\/www.linkedin.com\/groups\/Romanian-Business-Exchange-Bursa-Romana-3814995","https:\/\/www.youtube.com\/channel\/UCdscGu19OXHZb-6ms7I6txg"]}]}},"_links":{"self":[{"href":"https:\/\/rbe.ro\/es\/wp-json\/wp\/v2\/product\/25496","targetHints":{"allow":["GET"]}}],"collection":[{"href":"https:\/\/rbe.ro\/es\/wp-json\/wp\/v2\/product"}],"about":[{"href":"https:\/\/rbe.ro\/es\/wp-json\/wp\/v2\/types\/product"}],"wp:featuredmedia":[{"embeddable":true,"href":"https:\/\/rbe.ro\/es\/wp-json\/wp\/v2\/media\/40430"}],"wp:attachment":[{"href":"https:\/\/rbe.ro\/es\/wp-json\/wp\/v2\/media?parent=25496"}],"wp:term":[{"taxonomy":"product_brand","embeddable":true,"href":"https:\/\/rbe.ro\/es\/wp-json\/wp\/v2\/product_brand?post=25496"},{"taxonomy":"product_cat","embeddable":true,"href":"https:\/\/rbe.ro\/es\/wp-json\/wp\/v2\/product_cat?post=25496"},{"taxonomy":"product_tag","embeddable":true,"href":"https:\/\/rbe.ro\/es\/wp-json\/wp\/v2\/product_tag?post=25496"}],"curies":[{"name":"wp","href":"https:\/\/api.w.org\/{rel}","templated":true}]}}