{"id":67412,"date":"2024-05-10T22:41:42","date_gmt":"2024-05-10T19:41:42","guid":{"rendered":"https:\/\/rbe.ro\/?post_type=product&#038;p=67412"},"modified":"2025-11-12T22:16:23","modified_gmt":"2025-11-12T20:16:23","slug":"sesiune-de-evaluare-rapida-a-situatiei-si-de-orientare-in-afaceri","status":"publish","type":"product","link":"https:\/\/rbe.ro\/es\/product\/sesiune-de-evaluare-rapida-a-situatiei-si-de-orientare-in-afaceri\/","title":{"rendered":"\u0218edint\u0103 de Evaluare rapid\u0103 a situa\u021biei \u0219i de Orientare \u00een Afaceri"},"content":{"rendered":"<p>I\u021bi mul\u021bumim pentru solicitarea rezerv\u0103rii \u0218edin\u021bei de Evaluare rapid\u0103 a situa\u021biei \u0219i de Orientare \u00een Afaceri, cu o durata de maxim 60 minute.<\/p>\n<p>Aici achi\u021bi contravaloarea acesteia.<\/p>\n<p>Vei primi pe email confirmarea \u0218edin\u021bei, respectiv a datei \u0219i a intervalului orar.<\/p>\n<p>Dac\u0103 ulterior dore\u0219ti s\u0103 continu\u0103m colaborarea cu alte servicii de consultan\u021b\u0103 \u0219i intermediere oferite de Bursa Rom\u00e2n\u0103 de Afaceri, costul pl\u0103tit pe aceast\u0103 \u0218edin\u021b\u0103 se deduce din urm\u0103toarea plat\u0103.<\/p>\n","protected":false},"excerpt":{"rendered":"<p>I\u021bi mul\u021bumim pentru solicitarea rezerv\u0103rii \u0218edin\u021bei de Evaluare rapid\u0103 a situa\u021biei \u0219i de Orientare \u00een Afaceri, cu o durata de maxim 60 minute. Aici achi\u021bi contravaloarea acesteia. Vei primi pe email confirmarea \u0218edin\u021bei, respectiv a datei \u0219i a intervalului orar. Dac\u0103 ulterior dore\u0219ti s\u0103 continu\u0103m colaborarea cu alte servicii de consultan\u021b\u0103 \u0219i intermediere oferite de Bursa Rom\u00e2n\u0103 de Afaceri, costul [&hellip;]<\/p>\n","protected":false},"featured_media":67551,"template":"","meta":[],"product_brand":[],"product_cat":[],"product_tag":[],"class_list":{"0":"post-67412","1":"product","2":"type-product","3":"status-publish","4":"has-post-thumbnail","7":"first","8":"instock","9":"virtual","10":"sold-individually","11":"taxable","12":"purchasable","13":"product-type-simple"},"yoast_head":"<!-- This site is optimized with the Yoast SEO plugin v27.3 - https:\/\/yoast.com\/product\/yoast-seo-wordpress\/ -->\n<title>\u0218edint\u0103 de Evaluare rapid\u0103 a situa\u021biei \u0219i de Orientare \u00een Afaceri - Bursa Romana de Afaceri - RBE Connect - Romanian Business Exchange<\/title>\n<meta name=\"robots\" content=\"noindex, follow\" \/>\n<meta property=\"og:locale\" content=\"es_ES\" \/>\n<meta property=\"og:type\" content=\"article\" \/>\n<meta property=\"og:title\" content=\"\u0218edint\u0103 de Evaluare rapid\u0103 a situa\u021biei \u0219i de Orientare \u00een Afaceri - Bursa Romana de Afaceri - RBE Connect - Romanian Business Exchange\" \/>\n<meta property=\"og:description\" content=\"I\u021bi mul\u021bumim pentru solicitarea rezerv\u0103rii \u0218edin\u021bei de Evaluare rapid\u0103 a situa\u021biei \u0219i de Orientare \u00een Afaceri, cu o durata de maxim 60 minute. Aici achi\u021bi contravaloarea acesteia. Vei primi pe email confirmarea \u0218edin\u021bei, respectiv a datei \u0219i a intervalului orar. Dac\u0103 ulterior dore\u0219ti s\u0103 continu\u0103m colaborarea cu alte servicii de consultan\u021b\u0103 \u0219i intermediere oferite de Bursa Rom\u00e2n\u0103 de Afaceri, costul [&hellip;]\" \/>\n<meta property=\"og:url\" content=\"https:\/\/rbe.ro\/es\/product\/sesiune-de-evaluare-rapida-a-situatiei-si-de-orientare-in-afaceri\/\" \/>\n<meta property=\"og:site_name\" content=\"Bursa Romana de Afaceri - RBE Connect - Romanian Business Exchange\" \/>\n<meta property=\"article:publisher\" content=\"https:\/\/www.facebook.com\/pages\/Bursa-Romana-de-Afaceri\/182241851866418\" \/>\n<meta property=\"article:modified_time\" content=\"2025-11-12T20:16:23+00:00\" \/>\n<meta property=\"og:image\" content=\"https:\/\/rbe.ro\/wp-content\/uploads\/2024\/05\/Valentin-Preda-585x1024-12.png\" \/>\n\t<meta property=\"og:image:width\" content=\"585\" \/>\n\t<meta property=\"og:image:height\" content=\"715\" \/>\n\t<meta property=\"og:image:type\" content=\"image\/png\" \/>\n<meta name=\"twitter:card\" content=\"summary_large_image\" \/>\n<meta name=\"twitter:site\" content=\"@bursaromanadeaf\" \/>\n<script type=\"application\/ld+json\" class=\"yoast-schema-graph\">{\"@context\":\"https:\\\/\\\/schema.org\",\"@graph\":[{\"@type\":\"WebPage\",\"@id\":\"https:\\\/\\\/rbe.ro\\\/es\\\/product\\\/sesiune-de-evaluare-rapida-a-situatiei-si-de-orientare-in-afaceri\\\/\",\"url\":\"https:\\\/\\\/rbe.ro\\\/es\\\/product\\\/sesiune-de-evaluare-rapida-a-situatiei-si-de-orientare-in-afaceri\\\/\",\"name\":\"\u0218edint\u0103 de Evaluare rapid\u0103 a situa\u021biei \u0219i de Orientare \u00een Afaceri - Bursa Romana de Afaceri - RBE Connect - Romanian Business Exchange\",\"isPartOf\":{\"@id\":\"https:\\\/\\\/rbe.ro\\\/es\\\/#website\"},\"primaryImageOfPage\":{\"@id\":\"https:\\\/\\\/rbe.ro\\\/es\\\/product\\\/sesiune-de-evaluare-rapida-a-situatiei-si-de-orientare-in-afaceri\\\/#primaryimage\"},\"image\":{\"@id\":\"https:\\\/\\\/rbe.ro\\\/es\\\/product\\\/sesiune-de-evaluare-rapida-a-situatiei-si-de-orientare-in-afaceri\\\/#primaryimage\"},\"thumbnailUrl\":\"https:\\\/\\\/rbe.ro\\\/wp-content\\\/uploads\\\/2024\\\/05\\\/Valentin-Preda-585x1024-12.png\",\"datePublished\":\"2024-05-10T19:41:42+00:00\",\"dateModified\":\"2025-11-12T20:16:23+00:00\",\"breadcrumb\":{\"@id\":\"https:\\\/\\\/rbe.ro\\\/es\\\/product\\\/sesiune-de-evaluare-rapida-a-situatiei-si-de-orientare-in-afaceri\\\/#breadcrumb\"},\"inLanguage\":\"es\",\"potentialAction\":[{\"@type\":\"ReadAction\",\"target\":[\"https:\\\/\\\/rbe.ro\\\/es\\\/product\\\/sesiune-de-evaluare-rapida-a-situatiei-si-de-orientare-in-afaceri\\\/\"]}]},{\"@type\":\"ImageObject\",\"inLanguage\":\"es\",\"@id\":\"https:\\\/\\\/rbe.ro\\\/es\\\/product\\\/sesiune-de-evaluare-rapida-a-situatiei-si-de-orientare-in-afaceri\\\/#primaryimage\",\"url\":\"https:\\\/\\\/rbe.ro\\\/wp-content\\\/uploads\\\/2024\\\/05\\\/Valentin-Preda-585x1024-12.png\",\"contentUrl\":\"https:\\\/\\\/rbe.ro\\\/wp-content\\\/uploads\\\/2024\\\/05\\\/Valentin-Preda-585x1024-12.png\",\"width\":585,\"height\":715},{\"@type\":\"BreadcrumbList\",\"@id\":\"https:\\\/\\\/rbe.ro\\\/es\\\/product\\\/sesiune-de-evaluare-rapida-a-situatiei-si-de-orientare-in-afaceri\\\/#breadcrumb\",\"itemListElement\":[{\"@type\":\"ListItem\",\"position\":1,\"name\":\"Home\",\"item\":\"https:\\\/\\\/rbe.ro\\\/es\\\/\"},{\"@type\":\"ListItem\",\"position\":2,\"name\":\"Productos\",\"item\":\"https:\\\/\\\/rbe.ro\\\/es\\\/shop\\\/\"},{\"@type\":\"ListItem\",\"position\":3,\"name\":\"\u0218edint\u0103 de Evaluare rapid\u0103 a situa\u021biei \u0219i de Orientare \u00een Afaceri\"}]},{\"@type\":\"WebSite\",\"@id\":\"https:\\\/\\\/rbe.ro\\\/es\\\/#website\",\"url\":\"https:\\\/\\\/rbe.ro\\\/es\\\/\",\"name\":\"Bursa Romana de Afaceri - RBE Connect - Romanian Business Exchange\",\"description\":\"Business Opportunities, Networking, Business Partners, New International Markets and Customers,  Financing, Private Capital, Events, Business Directory, News, International Business, Best place to Promote Your Business for Sale, Innovative and Intuitive Business Matchmaking Platform\",\"publisher\":{\"@id\":\"https:\\\/\\\/rbe.ro\\\/es\\\/#organization\"},\"potentialAction\":[{\"@type\":\"SearchAction\",\"target\":{\"@type\":\"EntryPoint\",\"urlTemplate\":\"https:\\\/\\\/rbe.ro\\\/es\\\/?s={search_term_string}\"},\"query-input\":{\"@type\":\"PropertyValueSpecification\",\"valueRequired\":true,\"valueName\":\"search_term_string\"}}],\"inLanguage\":\"es\"},{\"@type\":\"Organization\",\"@id\":\"https:\\\/\\\/rbe.ro\\\/es\\\/#organization\",\"name\":\"Romanian Business Exchange \\\/ Bursa Romana de Afaceri\",\"url\":\"https:\\\/\\\/rbe.ro\\\/es\\\/\",\"logo\":{\"@type\":\"ImageObject\",\"inLanguage\":\"es\",\"@id\":\"https:\\\/\\\/rbe.ro\\\/es\\\/#\\\/schema\\\/logo\\\/image\\\/\",\"url\":\"https:\\\/\\\/rbe.ro\\\/wp-content\\\/uploads\\\/2015\\\/04\\\/logo144x144.png\",\"contentUrl\":\"https:\\\/\\\/rbe.ro\\\/wp-content\\\/uploads\\\/2015\\\/04\\\/logo144x144.png\",\"width\":144,\"height\":144,\"caption\":\"Romanian Business Exchange \\\/ Bursa Romana de Afaceri\"},\"image\":{\"@id\":\"https:\\\/\\\/rbe.ro\\\/es\\\/#\\\/schema\\\/logo\\\/image\\\/\"},\"sameAs\":[\"https:\\\/\\\/www.facebook.com\\\/pages\\\/Bursa-Romana-de-Afaceri\\\/182241851866418\",\"https:\\\/\\\/x.com\\\/bursaromanadeaf\",\"http:\\\/\\\/www.linkedin.com\\\/groups\\\/Romanian-Business-Exchange-Bursa-Romana-3814995\",\"https:\\\/\\\/www.youtube.com\\\/channel\\\/UCdscGu19OXHZb-6ms7I6txg\"]}]}<\/script>\n<!-- \/ Yoast SEO plugin. -->","yoast_head_json":{"title":"\u0218edint\u0103 de Evaluare rapid\u0103 a situa\u021biei \u0219i de Orientare \u00een Afaceri - Bursa Romana de Afaceri - RBE Connect - Romanian Business Exchange","robots":{"index":"noindex","follow":"follow"},"og_locale":"es_ES","og_type":"article","og_title":"\u0218edint\u0103 de Evaluare rapid\u0103 a situa\u021biei \u0219i de Orientare \u00een Afaceri - Bursa Romana de Afaceri - RBE Connect - Romanian Business Exchange","og_description":"I\u021bi mul\u021bumim pentru solicitarea rezerv\u0103rii \u0218edin\u021bei de Evaluare rapid\u0103 a situa\u021biei \u0219i de Orientare \u00een Afaceri, cu o durata de maxim 60 minute. Aici achi\u021bi contravaloarea acesteia. Vei primi pe email confirmarea \u0218edin\u021bei, respectiv a datei \u0219i a intervalului orar. Dac\u0103 ulterior dore\u0219ti s\u0103 continu\u0103m colaborarea cu alte servicii de consultan\u021b\u0103 \u0219i intermediere oferite de Bursa Rom\u00e2n\u0103 de Afaceri, costul [&hellip;]","og_url":"https:\/\/rbe.ro\/es\/product\/sesiune-de-evaluare-rapida-a-situatiei-si-de-orientare-in-afaceri\/","og_site_name":"Bursa Romana de Afaceri - RBE Connect - Romanian Business Exchange","article_publisher":"https:\/\/www.facebook.com\/pages\/Bursa-Romana-de-Afaceri\/182241851866418","article_modified_time":"2025-11-12T20:16:23+00:00","og_image":[{"width":585,"height":715,"url":"https:\/\/rbe.ro\/wp-content\/uploads\/2024\/05\/Valentin-Preda-585x1024-12.png","type":"image\/png"}],"twitter_card":"summary_large_image","twitter_site":"@bursaromanadeaf","schema":{"@context":"https:\/\/schema.org","@graph":[{"@type":"WebPage","@id":"https:\/\/rbe.ro\/es\/product\/sesiune-de-evaluare-rapida-a-situatiei-si-de-orientare-in-afaceri\/","url":"https:\/\/rbe.ro\/es\/product\/sesiune-de-evaluare-rapida-a-situatiei-si-de-orientare-in-afaceri\/","name":"\u0218edint\u0103 de Evaluare rapid\u0103 a situa\u021biei \u0219i de Orientare \u00een Afaceri - Bursa Romana de Afaceri - RBE Connect - Romanian Business Exchange","isPartOf":{"@id":"https:\/\/rbe.ro\/es\/#website"},"primaryImageOfPage":{"@id":"https:\/\/rbe.ro\/es\/product\/sesiune-de-evaluare-rapida-a-situatiei-si-de-orientare-in-afaceri\/#primaryimage"},"image":{"@id":"https:\/\/rbe.ro\/es\/product\/sesiune-de-evaluare-rapida-a-situatiei-si-de-orientare-in-afaceri\/#primaryimage"},"thumbnailUrl":"https:\/\/rbe.ro\/wp-content\/uploads\/2024\/05\/Valentin-Preda-585x1024-12.png","datePublished":"2024-05-10T19:41:42+00:00","dateModified":"2025-11-12T20:16:23+00:00","breadcrumb":{"@id":"https:\/\/rbe.ro\/es\/product\/sesiune-de-evaluare-rapida-a-situatiei-si-de-orientare-in-afaceri\/#breadcrumb"},"inLanguage":"es","potentialAction":[{"@type":"ReadAction","target":["https:\/\/rbe.ro\/es\/product\/sesiune-de-evaluare-rapida-a-situatiei-si-de-orientare-in-afaceri\/"]}]},{"@type":"ImageObject","inLanguage":"es","@id":"https:\/\/rbe.ro\/es\/product\/sesiune-de-evaluare-rapida-a-situatiei-si-de-orientare-in-afaceri\/#primaryimage","url":"https:\/\/rbe.ro\/wp-content\/uploads\/2024\/05\/Valentin-Preda-585x1024-12.png","contentUrl":"https:\/\/rbe.ro\/wp-content\/uploads\/2024\/05\/Valentin-Preda-585x1024-12.png","width":585,"height":715},{"@type":"BreadcrumbList","@id":"https:\/\/rbe.ro\/es\/product\/sesiune-de-evaluare-rapida-a-situatiei-si-de-orientare-in-afaceri\/#breadcrumb","itemListElement":[{"@type":"ListItem","position":1,"name":"Home","item":"https:\/\/rbe.ro\/es\/"},{"@type":"ListItem","position":2,"name":"Productos","item":"https:\/\/rbe.ro\/es\/shop\/"},{"@type":"ListItem","position":3,"name":"\u0218edint\u0103 de Evaluare rapid\u0103 a situa\u021biei \u0219i de Orientare \u00een Afaceri"}]},{"@type":"WebSite","@id":"https:\/\/rbe.ro\/es\/#website","url":"https:\/\/rbe.ro\/es\/","name":"Bursa Romana de Afaceri - RBE Connect - Romanian Business Exchange","description":"Business Opportunities, Networking, Business Partners, New International Markets and Customers,  Financing, Private Capital, Events, Business Directory, News, International Business, Best place to Promote Your Business for Sale, Innovative and Intuitive Business Matchmaking Platform","publisher":{"@id":"https:\/\/rbe.ro\/es\/#organization"},"potentialAction":[{"@type":"SearchAction","target":{"@type":"EntryPoint","urlTemplate":"https:\/\/rbe.ro\/es\/?s={search_term_string}"},"query-input":{"@type":"PropertyValueSpecification","valueRequired":true,"valueName":"search_term_string"}}],"inLanguage":"es"},{"@type":"Organization","@id":"https:\/\/rbe.ro\/es\/#organization","name":"Romanian Business Exchange \/ Bursa Romana de Afaceri","url":"https:\/\/rbe.ro\/es\/","logo":{"@type":"ImageObject","inLanguage":"es","@id":"https:\/\/rbe.ro\/es\/#\/schema\/logo\/image\/","url":"https:\/\/rbe.ro\/wp-content\/uploads\/2015\/04\/logo144x144.png","contentUrl":"https:\/\/rbe.ro\/wp-content\/uploads\/2015\/04\/logo144x144.png","width":144,"height":144,"caption":"Romanian Business Exchange \/ Bursa Romana de Afaceri"},"image":{"@id":"https:\/\/rbe.ro\/es\/#\/schema\/logo\/image\/"},"sameAs":["https:\/\/www.facebook.com\/pages\/Bursa-Romana-de-Afaceri\/182241851866418","https:\/\/x.com\/bursaromanadeaf","http:\/\/www.linkedin.com\/groups\/Romanian-Business-Exchange-Bursa-Romana-3814995","https:\/\/www.youtube.com\/channel\/UCdscGu19OXHZb-6ms7I6txg"]}]}},"_links":{"self":[{"href":"https:\/\/rbe.ro\/es\/wp-json\/wp\/v2\/product\/67412","targetHints":{"allow":["GET"]}}],"collection":[{"href":"https:\/\/rbe.ro\/es\/wp-json\/wp\/v2\/product"}],"about":[{"href":"https:\/\/rbe.ro\/es\/wp-json\/wp\/v2\/types\/product"}],"wp:featuredmedia":[{"embeddable":true,"href":"https:\/\/rbe.ro\/es\/wp-json\/wp\/v2\/media\/67551"}],"wp:attachment":[{"href":"https:\/\/rbe.ro\/es\/wp-json\/wp\/v2\/media?parent=67412"}],"wp:term":[{"taxonomy":"product_brand","embeddable":true,"href":"https:\/\/rbe.ro\/es\/wp-json\/wp\/v2\/product_brand?post=67412"},{"taxonomy":"product_cat","embeddable":true,"href":"https:\/\/rbe.ro\/es\/wp-json\/wp\/v2\/product_cat?post=67412"},{"taxonomy":"product_tag","embeddable":true,"href":"https:\/\/rbe.ro\/es\/wp-json\/wp\/v2\/product_tag?post=67412"}],"curies":[{"name":"wp","href":"https:\/\/api.w.org\/{rel}","templated":true}]}}